{"id":69,"date":"2025-09-30T16:41:36","date_gmt":"2025-09-30T14:41:36","guid":{"rendered":"https:\/\/roboinspect.agh.edu.pl\/?page_id=69"},"modified":"2026-03-10T08:45:34","modified_gmt":"2026-03-10T07:45:34","slug":"front_page","status":"publish","type":"page","link":"https:\/\/roboinspect.agh.edu.pl\/","title":{"rendered":"Strona g\u0142\u00f3wna &#8211; w budowie"},"content":{"rendered":"\n<figure class=\"wp-block-image size-large\"><img loading=\"lazy\" decoding=\"async\" width=\"1024\" height=\"99\" src=\"https:\/\/roboinspect.agh.edu.pl\/wp-content\/uploads\/2026\/03\/Logo-1024x99.png\" alt=\"\" class=\"wp-image-127\" srcset=\"https:\/\/roboinspect.agh.edu.pl\/wp-content\/uploads\/2026\/03\/Logo-1024x99.png 1024w, https:\/\/roboinspect.agh.edu.pl\/wp-content\/uploads\/2026\/03\/Logo-300x29.png 300w, https:\/\/roboinspect.agh.edu.pl\/wp-content\/uploads\/2026\/03\/Logo-768x74.png 768w, https:\/\/roboinspect.agh.edu.pl\/wp-content\/uploads\/2026\/03\/Logo.png 1321w\" sizes=\"auto, (max-width: 1024px) 100vw, 1024px\" \/><\/figure>\n\n\n\n<p class=\"has-text-align-left has-kubio-color-6-color has-text-color has-link-color wp-elements-fb75ef10a408d24de71e84aee2bcbe87\" style=\"font-size:1em\">Celem projektu jest opracowanie w pe\u0142ni funkcjonalnego, mobilnego rozwi\u0105zania do wyznaczania charakterystycznych wymiar\u00f3w geometrycznych odkuwek w tym odkuwek precyzyjnych z wykorzystaniem nowoczesnych technik wizji i uczenia maszynowego. Projektowane podej\u015bcie bazuje na mobilnym stanowisku pomiarowym, kt\u00f3re pozwoli w spos\u00f3b powtarzalny wykonywa\u0107 zdj\u0119cia w r\u00f3\u017cnych perspektywach. W projekcie przeanalizowane zostan\u0105 r\u00f3\u017cne warianty u\u0142o\u017cenia kamer, o\u015bwietlania, oraz r\u00f3\u017cne podej\u015bcia do projektowania i drukowania stolik\u00f3w kalibracyjnych. Nast\u0119pnie pozyskane zdj\u0119cia zostan\u0105 przesy\u0142ane do specjalnie zaprojektowanej bazy danych do dalszych etap\u00f3w obr\u00f3bki z wykorzystaniem podej\u015bcia IIoT (ang. Industrial Internet of Things). Przeprowadzona zostanie szczeg\u00f3\u0142owa analiza obrazu wraz z wymaganymi korektami g\u0142\u0119bi z wykorzystaniem aparatu geometrii obliczeniowej. Dok\u0142adno\u015b\u0107 rozwi\u0105zania dodatkowo zostanie zwi\u0119kszona poprzez wykorzystanie zaawansowanych modeli ekstrakcji cech z obrazu bazuj\u0105cych na uczeniu maszynowym. Dzi\u0119ki wyposa\u017ceniu stanowiska w rami\u0119 robotyczne mo\u017cliwe b\u0119dzie szybkie dostarczanie wyrob\u00f3w z linii produkcyjnej do strefy roboczej systemu, a nast\u0119pnie wydajne i precyzyjne wyznaczenie jego wymiar\u00f3w. Projektowane rozwi\u0105zanie b\u0119dzie r\u00f3wnie\u017c wyposa\u017cone w dedykowan\u0105 aplikacj\u0119 u\u017cytkow\u0105, w kt\u00f3rej operator b\u0119dzie w stanie nadzorowa\u0107 proces wymiarowania, sprawdza\u0107 ile element\u00f3w nie przesz\u0142o kontroli jako\u015bci czy te\u017c generowa\u0107 raporty z rysunkami technicznymi zawieraj\u0105cymi wszystkie kluczowe wymiary analizowanych produkt\u00f3w. Tego typu narz\u0119dzie pozwoli nie tylko na bie\u017c\u0105ce nadzorowanie pracy stanowiska, ale r\u00f3wnie\u017c na przegl\u0105danie oraz analizowanie wcze\u015bniejszych danych, dzi\u0119ki czemu mo\u017cliwa b\u0119dzie jeszcze wi\u0119ksza kontrola jako\u015bci ca\u0142ego procesu produkcji oraz dalsza optymalizacja czasu oraz koszt\u00f3w pracy. Dzi\u0119ki wydajnej czasowo operacji wymiarowania mo\u017cliwe b\u0119dzie znacz\u0105ce zwi\u0119kszenie wolumenu sprawdzanej produkcji, a tym samym bezpiecze\u0144stwa u\u017cytkowego wyrob\u00f3w gotowych.<\/p>\n\n\n\n<figure class=\"wp-block-image size-full is-resized\"><img loading=\"lazy\" decoding=\"async\" width=\"759\" height=\"591\" src=\"https:\/\/roboinspect.agh.edu.pl\/wp-content\/uploads\/2025\/11\/Parts.png\" alt=\"\" class=\"wp-image-110\" style=\"aspect-ratio:1.2842677204247963;width:522px;height:auto\" srcset=\"https:\/\/roboinspect.agh.edu.pl\/wp-content\/uploads\/2025\/11\/Parts.png 759w, https:\/\/roboinspect.agh.edu.pl\/wp-content\/uploads\/2025\/11\/Parts-300x234.png 300w\" sizes=\"auto, (max-width: 759px) 100vw, 759px\" \/><\/figure>\n\n\n\n<p>Program:&nbsp;<strong>LIDER XV<\/strong>.<\/p>\n\n\n\n<p>Okres realizacji Projektu:&nbsp;<strong>2025.10.01 &#8211; 2028.10.01<\/strong>.<\/p>\n\n\n\n<p>Ca\u0142kowity koszt realizacji Projektu wynosi:&nbsp;<strong>998 916.25z\u0142<\/strong><\/p>\n\n\n\n<p>Dofinansowanie od Narodowego Centrum Bada\u0144 i Rozwoju:&nbsp;<strong>998 916.25z\u0142<\/strong><\/p>\n\n\n\n<p>Kierownik projektu:&nbsp;<strong>dr in\u017c. Mateusz Sitko<\/strong><\/p>\n","protected":false},"excerpt":{"rendered":"<p>Celem projektu jest opracowanie w pe\u0142ni funkcjonalnego, mobilnego rozwi\u0105zania do wyznaczania charakterystycznych wymiar\u00f3w geometrycznych odkuwek w tym odkuwek precyzyjnych z wykorzystaniem nowoczesnych technik wizji i uczenia maszynowego. Projektowane podej\u015bcie bazuje na mobilnym stanowisku pomiarowym, kt\u00f3re pozwoli w spos\u00f3b powtarzalny wykonywa\u0107 zdj\u0119cia w r\u00f3\u017cnych perspektywach. W projekcie przeanalizowane zostan\u0105 r\u00f3\u017cne warianty u\u0142o\u017cenia kamer, o\u015bwietlania, oraz r\u00f3\u017cne [&hellip;]<\/p>\n","protected":false},"author":1,"featured_media":0,"parent":0,"menu_order":0,"comment_status":"closed","ping_status":"closed","template":"","meta":{"footnotes":""},"class_list":["post-69","page","type-page","status-publish","hentry"],"_links":{"self":[{"href":"https:\/\/roboinspect.agh.edu.pl\/index.php?rest_route=\/wp\/v2\/pages\/69","targetHints":{"allow":["GET"]}}],"collection":[{"href":"https:\/\/roboinspect.agh.edu.pl\/index.php?rest_route=\/wp\/v2\/pages"}],"about":[{"href":"https:\/\/roboinspect.agh.edu.pl\/index.php?rest_route=\/wp\/v2\/types\/page"}],"author":[{"embeddable":true,"href":"https:\/\/roboinspect.agh.edu.pl\/index.php?rest_route=\/wp\/v2\/users\/1"}],"replies":[{"embeddable":true,"href":"https:\/\/roboinspect.agh.edu.pl\/index.php?rest_route=%2Fwp%2Fv2%2Fcomments&post=69"}],"version-history":[{"count":13,"href":"https:\/\/roboinspect.agh.edu.pl\/index.php?rest_route=\/wp\/v2\/pages\/69\/revisions"}],"predecessor-version":[{"id":128,"href":"https:\/\/roboinspect.agh.edu.pl\/index.php?rest_route=\/wp\/v2\/pages\/69\/revisions\/128"}],"wp:attachment":[{"href":"https:\/\/roboinspect.agh.edu.pl\/index.php?rest_route=%2Fwp%2Fv2%2Fmedia&parent=69"}],"curies":[{"name":"wp","href":"https:\/\/api.w.org\/{rel}","templated":true}]}}