{"id":98,"date":"2025-11-18T14:24:02","date_gmt":"2025-11-18T13:24:02","guid":{"rendered":"https:\/\/roboinspect.agh.edu.pl\/?page_id=98"},"modified":"2025-11-18T14:24:02","modified_gmt":"2025-11-18T13:24:02","slug":"kontakt","status":"publish","type":"page","link":"https:\/\/roboinspect.agh.edu.pl\/?page_id=98","title":{"rendered":"Kontakt"},"content":{"rendered":"\n<p>Mateusz Sitko<\/p>\n\n\n\n<p><em><a href=\"http:\/\/isim.agh.edu.pl\/\">Katedra Informatyki Stosowanej i Modelowania<\/a>&nbsp;<\/em><\/p>\n\n\n\n<p><a href=\"http:\/\/www.agh.edu.pl\/\">Akademia G\u00f3rniczo-Hutnicza im. Stanis\u0142awa Staszica w Krakowie&nbsp;<\/a><\/p>\n\n\n\n<p>B5, pok\u00f3j 704<br>tel. (12) 617 50 08<\/p>\n\n\n\n<p><\/p>\n","protected":false},"excerpt":{"rendered":"<p>Mateusz Sitko Katedra Informatyki Stosowanej i Modelowania&nbsp; Akademia G\u00f3rniczo-Hutnicza im. Stanis\u0142awa Staszica w Krakowie&nbsp; B5, pok\u00f3j 704tel. (12) 617 50 08<\/p>\n","protected":false},"author":1,"featured_media":0,"parent":0,"menu_order":0,"comment_status":"closed","ping_status":"closed","template":"","meta":{"footnotes":""},"class_list":["post-98","page","type-page","status-publish","hentry"],"_links":{"self":[{"href":"https:\/\/roboinspect.agh.edu.pl\/index.php?rest_route=\/wp\/v2\/pages\/98","targetHints":{"allow":["GET"]}}],"collection":[{"href":"https:\/\/roboinspect.agh.edu.pl\/index.php?rest_route=\/wp\/v2\/pages"}],"about":[{"href":"https:\/\/roboinspect.agh.edu.pl\/index.php?rest_route=\/wp\/v2\/types\/page"}],"author":[{"embeddable":true,"href":"https:\/\/roboinspect.agh.edu.pl\/index.php?rest_route=\/wp\/v2\/users\/1"}],"replies":[{"embeddable":true,"href":"https:\/\/roboinspect.agh.edu.pl\/index.php?rest_route=%2Fwp%2Fv2%2Fcomments&post=98"}],"version-history":[{"count":1,"href":"https:\/\/roboinspect.agh.edu.pl\/index.php?rest_route=\/wp\/v2\/pages\/98\/revisions"}],"predecessor-version":[{"id":99,"href":"https:\/\/roboinspect.agh.edu.pl\/index.php?rest_route=\/wp\/v2\/pages\/98\/revisions\/99"}],"wp:attachment":[{"href":"https:\/\/roboinspect.agh.edu.pl\/index.php?rest_route=%2Fwp%2Fv2%2Fmedia&parent=98"}],"curies":[{"name":"wp","href":"https:\/\/api.w.org\/{rel}","templated":true}]}}